{"id":560,"date":"2023-08-03T16:11:03","date_gmt":"2023-08-03T16:11:03","guid":{"rendered":"https:\/\/ahtorg.digitalcc.pt\/?page_id=560"},"modified":"2025-07-31T08:45:53","modified_gmt":"2025-07-31T08:45:53","slug":"sobre","status":"publish","type":"page","link":"https:\/\/aht.org.pt\/pt-pt\/sobre\/","title":{"rendered":"Sobre"},"content":{"rendered":"\t\t<div data-elementor-type=\"wp-page\" data-elementor-id=\"560\" class=\"elementor elementor-560 elementor-15\" data-elementor-post-type=\"page\">\n\t\t\t\t\t\t\t\t\t<section class=\"elementor-section elementor-top-section elementor-element elementor-element-d3d9579 elementor-section-boxed elementor-section-height-default elementor-section-height-default\" data-id=\"d3d9579\" data-element_type=\"section\">\n\t\t\t\t\t\t<div class=\"elementor-container elementor-column-gap-default\">\n\t\t\t\t\t<div class=\"elementor-column elementor-col-50 elementor-top-column elementor-element elementor-element-cae062f\" data-id=\"cae062f\" data-element_type=\"column\">\n\t\t\t<div class=\"elementor-widget-wrap elementor-element-populated\">\n\t\t\t\t\t\t\t\t<div class=\"elementor-element elementor-element-a87e259 elementor-widget elementor-widget-heading\" data-id=\"a87e259\" data-element_type=\"widget\" data-widget_type=\"heading.default\">\n\t\t\t\t<div class=\"elementor-widget-container\">\n\t\t\t<style>\/*! elementor - v3.16.0 - 09-10-2023 *\/\n.elementor-heading-title{padding:0;margin:0;line-height:1}.elementor-widget-heading .elementor-heading-title[class*=elementor-size-]>a{color:inherit;font-size:inherit;line-height:inherit}.elementor-widget-heading .elementor-heading-title.elementor-size-small{font-size:15px}.elementor-widget-heading .elementor-heading-title.elementor-size-medium{font-size:19px}.elementor-widget-heading .elementor-heading-title.elementor-size-large{font-size:29px}.elementor-widget-heading .elementor-heading-title.elementor-size-xl{font-size:39px}.elementor-widget-heading .elementor-heading-title.elementor-size-xxl{font-size:59px}<\/style><h3 class=\"elementor-heading-title elementor-size-default\">Sobre N\u00f3s<\/h3>\t\t<\/div>\n\t\t\t\t<\/div>\n\t\t\t\t<div class=\"elementor-element elementor-element-f407273 elementor-widget elementor-widget-text-editor\" data-id=\"f407273\" data-element_type=\"widget\" data-widget_type=\"text-editor.default\">\n\t\t\t\t<div class=\"elementor-widget-container\">\n\t\t\t<style>\/*! elementor - v3.16.0 - 09-10-2023 *\/\n.elementor-widget-text-editor.elementor-drop-cap-view-stacked .elementor-drop-cap{background-color:#69727d;color:#fff}.elementor-widget-text-editor.elementor-drop-cap-view-framed .elementor-drop-cap{color:#69727d;border:3px solid;background-color:transparent}.elementor-widget-text-editor:not(.elementor-drop-cap-view-default) .elementor-drop-cap{margin-top:8px}.elementor-widget-text-editor:not(.elementor-drop-cap-view-default) .elementor-drop-cap-letter{width:1em;height:1em}.elementor-widget-text-editor .elementor-drop-cap{float:left;text-align:center;line-height:1;font-size:50px}.elementor-widget-text-editor .elementor-drop-cap-letter{display:inline-block}<\/style>\t\t\t\tA AHT \u00e9 uma Institui\u00e7\u00e3o Particular de Solidariedade Social cujo objetivo \u00e9 desenvolver as capacidades de crian\u00e7as e jovens com defici\u00eancias f\u00edsicas e mentais atrav\u00e9s da equita\u00e7\u00e3o terap\u00eautica e da hipoterapia.\t\t\t\t\t\t<\/div>\n\t\t\t\t<\/div>\n\t\t\t\t<div class=\"elementor-element elementor-element-1fda839 elementor-widget elementor-widget-heading\" data-id=\"1fda839\" data-element_type=\"widget\" data-widget_type=\"heading.default\">\n\t\t\t\t<div class=\"elementor-widget-container\">\n\t\t\t<h4 class=\"elementor-heading-title elementor-size-default\">Miss\u00e3o e Filosofia<\/h4>\t\t<\/div>\n\t\t\t\t<\/div>\n\t\t\t\t<div class=\"elementor-element elementor-element-733f49d elementor-widget elementor-widget-text-editor\" data-id=\"733f49d\" data-element_type=\"widget\" data-widget_type=\"text-editor.default\">\n\t\t\t\t<div class=\"elementor-widget-container\">\n\t\t\t\t\t\t\t<p>Proporcionar aulas de equita\u00e7\u00e3o terap\u00eautica e hipoterapia a jovens com defici\u00eancias f\u00edsicas e mentais, para melhorar a sua qualidade de vida, as suas capacidades f\u00edsicas e intelectuais e a sua integra\u00e7\u00e3o na sociedade.<\/p>\n\t\t\t\t\t\t<\/div>\n\t\t\t\t<\/div>\n\t\t\t\t<div class=\"elementor-element elementor-element-5f056cb elementor-widget elementor-widget-heading\" data-id=\"5f056cb\" data-element_type=\"widget\" data-widget_type=\"heading.default\">\n\t\t\t\t<div class=\"elementor-widget-container\">\n\t\t\t<h4 class=\"elementor-heading-title elementor-size-default\">Hist\u00f3ria<\/h4>\t\t<\/div>\n\t\t\t\t<\/div>\n\t\t\t\t<div class=\"elementor-element elementor-element-d4599af elementor-widget elementor-widget-text-editor\" data-id=\"d4599af\" data-element_type=\"widget\" data-widget_type=\"text-editor.default\">\n\t\t\t\t<div class=\"elementor-widget-container\">\n\t\t\t\t\t\t\t<p>A AHT iniciou a sua atividade em 1989 no Hip\u00f3dromo Manuel Possolo, em Cascais. Em 2005, a AHT mudou-se para o Real Clube Dom Carlos I, onde passou a ter instala\u00e7\u00f5es pr\u00f3prias em Cascais. A AHT conta com um n\u00famero muito elevado de volunt\u00e1rios, uma monitora profissional de equita\u00e7\u00e3o terap\u00eautica e auxiliares de ensino especializados. As sess\u00f5es decorrem todos os dias da semana durante o per\u00edodo letivo, com cerca de 100 cavaleiros felizes e entusiasmados.<\/p>\n<p>\u00a0<\/p>\n\t\t\t\t\t\t<\/div>\n\t\t\t\t<\/div>\n\t\t\t\t<div class=\"elementor-element elementor-element-2e8169e2 elementor-align-left elementor-mobile-align-center elementor-widget elementor-widget-button\" data-id=\"2e8169e2\" data-element_type=\"widget\" data-widget_type=\"button.default\">\n\t\t\t\t<div class=\"elementor-widget-container\">\n\t\t\t\t\t<div class=\"elementor-button-wrapper\">\n\t\t\t<a class=\"elementor-button elementor-button-link elementor-size-md\" href=\"https:\/\/aht.org.pt\/pt-pt\/contactos\/\">\n\t\t\t\t\t\t<span class=\"elementor-button-content-wrapper\">\n\t\t\t\t\t\t<span class=\"elementor-button-icon elementor-align-icon-right\">\n\t\t\t\t<i aria-hidden=\"true\" class=\"fas fa-arrow-circle-right\"><\/i>\t\t\t<\/span>\n\t\t\t\t\t\t<span class=\"elementor-button-text\">Contacte-nos<\/span>\n\t\t<\/span>\n\t\t\t\t\t<\/a>\n\t\t<\/div>\n\t\t\t\t<\/div>\n\t\t\t\t<\/div>\n\t\t\t\t\t<\/div>\n\t\t<\/div>\n\t\t\t\t<div class=\"elementor-column elementor-col-50 elementor-top-column elementor-element elementor-element-252c7c7\" data-id=\"252c7c7\" data-element_type=\"column\" data-settings=\"{&quot;background_background&quot;:&quot;classic&quot;}\">\n\t\t\t<div class=\"elementor-widget-wrap elementor-element-populated\">\n\t\t\t\t\t\t\t\t<div class=\"elementor-element elementor-element-3427078 elementor-widget elementor-widget-image\" data-id=\"3427078\" data-element_type=\"widget\" data-widget_type=\"image.default\">\n\t\t\t\t<div class=\"elementor-widget-container\">\n\t\t\t<style>\/*! elementor - v3.16.0 - 09-10-2023 *\/\n.elementor-widget-image{text-align:center}.elementor-widget-image a{display:inline-block}.elementor-widget-image a img[src$=\".svg\"]{width:48px}.elementor-widget-image img{vertical-align:middle;display:inline-block}<\/style>\t\t\t\t\t\t\t\t\t\t\t\t<img loading=\"lazy\" decoding=\"async\" width=\"768\" height=\"812\" src=\"https:\/\/aht.org.pt\/wp-content\/uploads\/2023\/08\/quemsomos1_aht-768x812.png\" class=\"attachment-medium_large size-medium_large wp-image-215\" alt=\"\" srcset=\"https:\/\/aht.org.pt\/wp-content\/uploads\/2023\/08\/quemsomos1_aht-768x812.png 768w, https:\/\/aht.org.pt\/wp-content\/uploads\/2023\/08\/quemsomos1_aht-284x300.png 284w, https:\/\/aht.org.pt\/wp-content\/uploads\/2023\/08\/quemsomos1_aht.png 900w\" sizes=\"auto, (max-width: 768px) 100vw, 768px\" \/>\t\t\t\t\t\t\t\t\t\t\t\t\t\t\t<\/div>\n\t\t\t\t<\/div>\n\t\t\t\t<div class=\"elementor-element elementor-element-68e2da2 elementor-widget elementor-widget-image\" data-id=\"68e2da2\" data-element_type=\"widget\" data-widget_type=\"image.default\">\n\t\t\t\t<div class=\"elementor-widget-container\">\n\t\t\t\t\t\t\t\t\t\t\t\t\t\t\t<img loading=\"lazy\" decoding=\"async\" width=\"800\" height=\"400\" src=\"https:\/\/aht.org.pt\/wp-content\/uploads\/2023\/08\/picadeiro.png\" class=\"attachment-large size-large wp-image-311\" alt=\"\" srcset=\"https:\/\/aht.org.pt\/wp-content\/uploads\/2023\/08\/picadeiro.png 1000w, https:\/\/aht.org.pt\/wp-content\/uploads\/2023\/08\/picadeiro-300x150.png 300w, https:\/\/aht.org.pt\/wp-content\/uploads\/2023\/08\/picadeiro-768x384.png 768w\" sizes=\"auto, (max-width: 800px) 100vw, 800px\" \/>\t\t\t\t\t\t\t\t\t\t\t\t\t\t\t<\/div>\n\t\t\t\t<\/div>\n\t\t\t\t\t<\/div>\n\t\t<\/div>\n\t\t\t\t\t\t\t<\/div>\n\t\t<\/section>\n\t\t\t\t<section class=\"elementor-section elementor-top-section elementor-element elementor-element-19537aa7 elementor-section-full_width elementor-section-height-default elementor-section-height-default\" data-id=\"19537aa7\" data-element_type=\"section\">\n\t\t\t\t\t\t\t<div class=\"elementor-background-overlay\"><\/div>\n\t\t\t\t\t\t\t<div class=\"elementor-container elementor-column-gap-default\">\n\t\t\t\t\t<div class=\"elementor-column elementor-col-50 elementor-top-column elementor-element elementor-element-58ae96bb elementor-hidden-mobile\" data-id=\"58ae96bb\" data-element_type=\"column\" data-settings=\"{&quot;background_background&quot;:&quot;classic&quot;}\">\n\t\t\t<div class=\"elementor-widget-wrap\">\n\t\t\t\t\t\t\t\t\t<\/div>\n\t\t<\/div>\n\t\t\t\t<div class=\"elementor-column elementor-col-50 elementor-top-column elementor-element elementor-element-78994063\" data-id=\"78994063\" data-element_type=\"column\">\n\t\t\t<div class=\"elementor-widget-wrap elementor-element-populated\">\n\t\t\t\t\t\t\t\t<div class=\"elementor-element elementor-element-954691c elementor-widget elementor-widget-menu-anchor\" data-id=\"954691c\" data-element_type=\"widget\" data-widget_type=\"menu-anchor.default\">\n\t\t\t\t<div class=\"elementor-widget-container\">\n\t\t\t<style>\/*! elementor - v3.16.0 - 09-10-2023 *\/\nbody.elementor-page .elementor-widget-menu-anchor{margin-bottom:0}<\/style>\t\t<div id=\"Voluntrio\" class=\"elementor-menu-anchor\"><\/div>\n\t\t\t\t<\/div>\n\t\t\t\t<\/div>\n\t\t\t\t<div class=\"elementor-element elementor-element-10da376c elementor-widget elementor-widget-text-editor\" data-id=\"10da376c\" data-element_type=\"widget\" data-widget_type=\"text-editor.default\">\n\t\t\t\t<div class=\"elementor-widget-container\">\n\t\t\t\t\t\t\t<h2>Seja volunt\u00e1rio connosco<\/h2>\n\t\t\t\t\t\t<\/div>\n\t\t\t\t<\/div>\n\t\t\t\t<div class=\"elementor-element elementor-element-4fc62d91 elementor-widget elementor-widget-heading\" data-id=\"4fc62d91\" data-element_type=\"widget\" data-widget_type=\"heading.default\">\n\t\t\t\t<div class=\"elementor-widget-container\">\n\t\t\t<h5 class=\"elementor-heading-title elementor-size-default\">Os volunt\u00e1rios s\u00e3o essenciais em todas as \u00e1reas do trabalho da AHT.<\/h5>\t\t<\/div>\n\t\t\t\t<\/div>\n\t\t\t\t<div class=\"elementor-element elementor-element-604d1149 elementor-widget__width-initial elementor-widget elementor-widget-text-editor\" data-id=\"604d1149\" data-element_type=\"widget\" data-widget_type=\"text-editor.default\">\n\t\t\t\t<div class=\"elementor-widget-container\">\n\t\t\t\t\t\t\t<p>As pessoas podem apoiar a AHT de muitas formas \u2013 e precisamos sempre de mais. Quaisquer que sejam as compet\u00eancias que tenha para oferecer, dedicar o seu tempo ao grupo local da AHT permitir\u00e1 que mais pessoas com defici\u00eancia possam usufruir da terapia e da divers\u00e3o proporcionadas pelos cavalos.<\/p>\n<p>O voluntariado na AHT deve ser gratificante e enriquecedor \u2013 e queremos que retire benef\u00edcios do tempo que passa connosco. O nosso programa de forma\u00e7\u00e3o de volunt\u00e1rios garante que n\u00e3o s\u00e3o apenas os nossos participantes que t\u00eam a oportunidade de aprender e alcan\u00e7ar os seus objetivos.<\/p>\n<p>A AHT \u00e9 uma organiza\u00e7\u00e3o diversa e damos o nosso melhor quando reunimos pessoas de diferentes idades, origens e capacidades.<\/p>\n\t\t\t\t\t\t<\/div>\n\t\t\t\t<\/div>\n\t\t\t\t<div class=\"elementor-element elementor-element-f88748e elementor-align-left elementor-mobile-align-center elementor-widget elementor-widget-button\" data-id=\"f88748e\" data-element_type=\"widget\" data-widget_type=\"button.default\">\n\t\t\t\t<div class=\"elementor-widget-container\">\n\t\t\t\t\t<div class=\"elementor-button-wrapper\">\n\t\t\t<a class=\"elementor-button elementor-button-link elementor-size-md\" href=\"https:\/\/aht.org.pt\/pt-pt\/contactos\/\">\n\t\t\t\t\t\t<span class=\"elementor-button-content-wrapper\">\n\t\t\t\t\t\t<span class=\"elementor-button-icon elementor-align-icon-right\">\n\t\t\t\t<i aria-hidden=\"true\" class=\"fas fa-arrow-circle-right\"><\/i>\t\t\t<\/span>\n\t\t\t\t\t\t<span class=\"elementor-button-text\">Contacte-nos<\/span>\n\t\t<\/span>\n\t\t\t\t\t<\/a>\n\t\t<\/div>\n\t\t\t\t<\/div>\n\t\t\t\t<\/div>\n\t\t\t\t\t<\/div>\n\t\t<\/div>\n\t\t\t\t\t\t\t<\/div>\n\t\t<\/section>\n\t\t\t\t<section class=\"elementor-section elementor-top-section elementor-element elementor-element-768d7d1 elementor-section-boxed elementor-section-height-default elementor-section-height-default\" data-id=\"768d7d1\" data-element_type=\"section\" data-settings=\"{&quot;background_background&quot;:&quot;classic&quot;}\">\n\t\t\t\t\t\t<div class=\"elementor-container elementor-column-gap-default\">\n\t\t\t\t\t<div class=\"elementor-column elementor-col-100 elementor-top-column elementor-element elementor-element-5ac4866e\" data-id=\"5ac4866e\" data-element_type=\"column\">\n\t\t\t<div class=\"elementor-widget-wrap elementor-element-populated\">\n\t\t\t\t\t\t\t\t<section class=\"elementor-section elementor-inner-section elementor-element elementor-element-5dde84cb elementor-section-boxed elementor-section-height-default elementor-section-height-default\" data-id=\"5dde84cb\" data-element_type=\"section\">\n\t\t\t\t\t\t<div class=\"elementor-container elementor-column-gap-default\">\n\t\t\t\t\t<div class=\"elementor-column elementor-col-50 elementor-inner-column elementor-element elementor-element-6d358dde\" data-id=\"6d358dde\" data-element_type=\"column\">\n\t\t\t<div class=\"elementor-widget-wrap elementor-element-populated\">\n\t\t\t\t\t\t\t\t<div class=\"elementor-element elementor-element-ac47af7 elementor-widget elementor-widget-heading\" data-id=\"ac47af7\" data-element_type=\"widget\" data-widget_type=\"heading.default\">\n\t\t\t\t<div class=\"elementor-widget-container\">\n\t\t\t<h4 class=\"elementor-heading-title elementor-size-default\">Ajude a AHT a financiar a sua atividade!<\/h4>\t\t<\/div>\n\t\t\t\t<\/div>\n\t\t\t\t\t<\/div>\n\t\t<\/div>\n\t\t\t\t<div class=\"elementor-column elementor-col-50 elementor-inner-column elementor-element elementor-element-3f888535\" data-id=\"3f888535\" data-element_type=\"column\">\n\t\t\t<div class=\"elementor-widget-wrap elementor-element-populated\">\n\t\t\t\t\t\t\t\t<div class=\"elementor-element elementor-element-22310a4 elementor-align-center elementor-widget elementor-widget-button\" data-id=\"22310a4\" data-element_type=\"widget\" data-widget_type=\"button.default\">\n\t\t\t\t<div class=\"elementor-widget-container\">\n\t\t\t\t\t<div class=\"elementor-button-wrapper\">\n\t\t\t<a class=\"elementor-button elementor-button-link elementor-size-md\" href=\"https:\/\/donorbox.org\/support-aht?\" target=\"_blank\">\n\t\t\t\t\t\t<span class=\"elementor-button-content-wrapper\">\n\t\t\t\t\t\t<span class=\"elementor-button-icon elementor-align-icon-right\">\n\t\t\t\t<i aria-hidden=\"true\" class=\"fas fa-arrow-circle-right\"><\/i>\t\t\t<\/span>\n\t\t\t\t\t\t<span class=\"elementor-button-text\">FA\u00c7A UM DONATIVO<\/span>\n\t\t<\/span>\n\t\t\t\t\t<\/a>\n\t\t<\/div>\n\t\t\t\t<\/div>\n\t\t\t\t<\/div>\n\t\t\t\t\t<\/div>\n\t\t<\/div>\n\t\t\t\t\t\t\t<\/div>\n\t\t<\/section>\n\t\t\t\t\t<\/div>\n\t\t<\/div>\n\t\t\t\t\t\t\t<\/div>\n\t\t<\/section>\n\t\t\t\t\t\t\t<\/div>\n\t\t","protected":false},"excerpt":{"rendered":"<p>Sobre N\u00f3s A AHT \u00e9 uma Institui\u00e7\u00e3o Particular de Solidariedade Social cujo objetivo \u00e9 desenvolver as capacidades de crian\u00e7as e jovens com defici\u00eancias f\u00edsicas e mentais atrav\u00e9s da equita\u00e7\u00e3o terap\u00eautica e da hipoterapia. Miss\u00e3o e Filosofia Proporcionar aulas de equita\u00e7\u00e3o terap\u00eautica e hipoterapia a jovens com defici\u00eancias f\u00edsicas e mentais, para melhorar a sua qualidade [&hellip;]<\/p>\n","protected":false},"author":1,"featured_media":0,"parent":0,"menu_order":0,"comment_status":"closed","ping_status":"closed","template":"","meta":{"footnotes":""},"class_list":["post-560","page","type-page","status-publish","hentry"],"_links":{"self":[{"href":"https:\/\/aht.org.pt\/pt-pt\/wp-json\/wp\/v2\/pages\/560","targetHints":{"allow":["GET"]}}],"collection":[{"href":"https:\/\/aht.org.pt\/pt-pt\/wp-json\/wp\/v2\/pages"}],"about":[{"href":"https:\/\/aht.org.pt\/pt-pt\/wp-json\/wp\/v2\/types\/page"}],"author":[{"embeddable":true,"href":"https:\/\/aht.org.pt\/pt-pt\/wp-json\/wp\/v2\/users\/1"}],"replies":[{"embeddable":true,"href":"https:\/\/aht.org.pt\/pt-pt\/wp-json\/wp\/v2\/comments?post=560"}],"version-history":[{"count":20,"href":"https:\/\/aht.org.pt\/pt-pt\/wp-json\/wp\/v2\/pages\/560\/revisions"}],"predecessor-version":[{"id":899,"href":"https:\/\/aht.org.pt\/pt-pt\/wp-json\/wp\/v2\/pages\/560\/revisions\/899"}],"wp:attachment":[{"href":"https:\/\/aht.org.pt\/pt-pt\/wp-json\/wp\/v2\/media?parent=560"}],"curies":[{"name":"wp","href":"https:\/\/api.w.org\/{rel}","templated":true}]}}